{"id":3154,"date":"2022-10-24T09:25:02","date_gmt":"2022-10-24T09:25:02","guid":{"rendered":"https:\/\/ahmetgarip.com.tr\/?page_id=3154"},"modified":"2022-10-24T09:55:31","modified_gmt":"2022-10-24T09:55:31","slug":"konteynertasimaciligi","status":"publish","type":"page","link":"https:\/\/ahmetgarip.com.tr\/en\/konteynertasimaciligi\/","title":{"rendered":"Container Transportation"},"content":{"rendered":"<div data-elementor-type=\"wp-page\" data-elementor-id=\"3154\" class=\"elementor elementor-3154\">\n\t\t\t\t\t\t<section class=\"elementor-section elementor-top-section elementor-element elementor-element-7464770d elementor-section-boxed elementor-section-height-default elementor-section-height-default\" data-id=\"7464770d\" data-element_type=\"section\" data-e-type=\"section\" data-settings=\"{&quot;background_background&quot;:&quot;classic&quot;}\">\n\t\t\t\t\t\t\t<div class=\"elementor-background-overlay\"><\/div>\n\t\t\t\t\t\t\t<div class=\"elementor-container elementor-column-gap-default\">\n\t\t\t\t\t<div class=\"elementor-column elementor-col-100 elementor-top-column elementor-element elementor-element-503c09bf\" data-id=\"503c09bf\" data-element_type=\"column\" data-e-type=\"column\">\n\t\t\t<div class=\"elementor-widget-wrap elementor-element-populated\">\n\t\t\t\t\t\t<div class=\"elementor-element elementor-element-7f57f1c9 elementor-widget elementor-widget-heading\" data-id=\"7f57f1c9\" data-element_type=\"widget\" data-e-type=\"widget\" data-widget_type=\"heading.default\">\n\t\t\t\t<div class=\"elementor-widget-container\">\n\t\t\t\t\t<div class=\"elementor-heading-title elementor-size-default\">Container Transportation<\/div>\t\t\t\t<\/div>\n\t\t\t\t<\/div>\n\t\t\t\t\t<\/div>\n\t\t<\/div>\n\t\t\t\t\t<\/div>\n\t\t<\/section>\n\t\t\t\t<section class=\"elementor-section elementor-top-section elementor-element elementor-element-3b542f25 elementor-section-boxed elementor-section-height-default elementor-section-height-default\" data-id=\"3b542f25\" data-element_type=\"section\" data-e-type=\"section\" data-settings=\"{&quot;background_background&quot;:&quot;classic&quot;}\">\n\t\t\t\t\t\t<div class=\"elementor-container elementor-column-gap-default\">\n\t\t\t\t\t<div class=\"elementor-column elementor-col-50 elementor-top-column elementor-element elementor-element-5ce197a0\" data-id=\"5ce197a0\" data-element_type=\"column\" data-e-type=\"column\">\n\t\t\t<div class=\"elementor-widget-wrap elementor-element-populated\">\n\t\t\t\t\t\t<div class=\"elementor-element elementor-element-130fd0a1 elementor-widget elementor-widget-text-editor\" data-id=\"130fd0a1\" data-element_type=\"widget\" data-e-type=\"widget\" data-widget_type=\"text-editor.default\">\n\t\t\t\t<div class=\"elementor-widget-container\">\n\t\t\t\t\t\t\t\t\t<p>AHMET GARIP | International transportation.<\/p>\t\t\t\t\t\t\t\t<\/div>\n\t\t\t\t<\/div>\n\t\t\t\t<div class=\"elementor-element elementor-element-3657c3b0 elementor-widget elementor-widget-heading\" data-id=\"3657c3b0\" data-element_type=\"widget\" data-e-type=\"widget\" data-widget_type=\"heading.default\">\n\t\t\t\t<div class=\"elementor-widget-container\">\n\t\t\t\t\t<h2 class=\"elementor-heading-title elementor-size-default\">Container Transportation Preference,<\/h2>\t\t\t\t<\/div>\n\t\t\t\t<\/div>\n\t\t\t\t<div class=\"elementor-element elementor-element-381cd52c elementor-widget elementor-widget-text-editor\" data-id=\"381cd52c\" data-element_type=\"widget\" data-e-type=\"widget\" data-widget_type=\"text-editor.default\">\n\t\t\t\t<div class=\"elementor-widget-container\">\n\t\t\t\t\t\t\t\t\t<p>Container transportation is a preferred type of transportation, especially in international transportation services. Due to the diversification of cargoes around the world and increasing transportation demands, interest in container transportation is increasing at the same rate.<\/p><p>Transporting cargo by container transportation has been done since ancient times. It is known that it was first used in England in 1795. Container transportation, which has been used by rail and sea since that day, has been widely used until today and continues to be used that way.<\/p><p>\u00a0<\/p>\t\t\t\t\t\t\t\t<\/div>\n\t\t\t\t<\/div>\n\t\t\t\t\t<\/div>\n\t\t<\/div>\n\t\t\t\t<div class=\"elementor-column elementor-col-50 elementor-top-column elementor-element elementor-element-424b80d9\" data-id=\"424b80d9\" data-element_type=\"column\" data-e-type=\"column\" data-settings=\"{&quot;background_background&quot;:&quot;classic&quot;}\">\n\t\t\t<div class=\"elementor-widget-wrap elementor-element-populated\">\n\t\t\t\t\t\t<div class=\"elementor-element elementor-element-2e401591 elementor-widget elementor-widget-image\" data-id=\"2e401591\" data-element_type=\"widget\" data-e-type=\"widget\" data-widget_type=\"image.default\">\n\t\t\t\t<div class=\"elementor-widget-container\">\n\t\t\t\t\t\t\t\t\t\t\t\t\t\t\t<img fetchpriority=\"high\" decoding=\"async\" width=\"640\" height=\"429\" src=\"https:\/\/ahmetgarip.com.tr\/wp-content\/uploads\/2022\/10\/KonteynerTasimaciligiFoto-1024x686.jpg\" class=\"attachment-large size-large wp-image-3166\" alt=\"\" srcset=\"https:\/\/ahmetgarip.com.tr\/wp-content\/uploads\/2022\/10\/KonteynerTasimaciligiFoto-1024x686.jpg 1024w, https:\/\/ahmetgarip.com.tr\/wp-content\/uploads\/2022\/10\/KonteynerTasimaciligiFoto-300x201.jpg 300w, https:\/\/ahmetgarip.com.tr\/wp-content\/uploads\/2022\/10\/KonteynerTasimaciligiFoto-768x514.jpg 768w, https:\/\/ahmetgarip.com.tr\/wp-content\/uploads\/2022\/10\/KonteynerTasimaciligiFoto.jpg 1344w\" sizes=\"(max-width: 640px) 100vw, 640px\" \/>\t\t\t\t\t\t\t\t\t\t\t\t\t\t\t<\/div>\n\t\t\t\t<\/div>\n\t\t\t\t<div class=\"elementor-element elementor-element-6205a2e elementor-widget elementor-widget-image\" data-id=\"6205a2e\" data-element_type=\"widget\" data-e-type=\"widget\" data-widget_type=\"image.default\">\n\t\t\t\t<div class=\"elementor-widget-container\">\n\t\t\t\t\t\t\t\t\t\t\t\t\t\t\t<img decoding=\"async\" width=\"195\" height=\"148\" src=\"https:\/\/ahmetgarip.com.tr\/wp-content\/uploads\/2022\/10\/BelgeLogo.jpg\" class=\"attachment-medium size-medium wp-image-3035\" alt=\"\" \/>\t\t\t\t\t\t\t\t\t\t\t\t\t\t\t<\/div>\n\t\t\t\t<\/div>\n\t\t\t\t<div class=\"elementor-element elementor-element-2197f9e elementor-widget elementor-widget-text-editor\" data-id=\"2197f9e\" data-element_type=\"widget\" data-e-type=\"widget\" data-widget_type=\"text-editor.default\">\n\t\t\t\t<div class=\"elementor-widget-container\">\n\t\t\t\t\t\t\t\t\t<p>BUR.U-NET.TIO.16.4184 | BUR.U-NET.C2.16.5582\u00a0<\/p>\t\t\t\t\t\t\t\t<\/div>\n\t\t\t\t<\/div>\n\t\t\t\t\t<\/div>\n\t\t<\/div>\n\t\t\t\t\t<\/div>\n\t\t<\/section>\n\t\t\t\t<section class=\"elementor-section elementor-top-section elementor-element elementor-element-2456308 elementor-section-boxed elementor-section-height-default elementor-section-height-default\" data-id=\"2456308\" data-element_type=\"section\" data-e-type=\"section\" data-settings=\"{&quot;background_background&quot;:&quot;classic&quot;}\">\n\t\t\t\t\t\t\t<div class=\"elementor-background-overlay\"><\/div>\n\t\t\t\t\t\t\t<div class=\"elementor-container elementor-column-gap-default\">\n\t\t\t\t\t<div class=\"elementor-column elementor-col-100 elementor-top-column elementor-element elementor-element-35942d1\" data-id=\"35942d1\" data-element_type=\"column\" data-e-type=\"column\">\n\t\t\t<div class=\"elementor-widget-wrap elementor-element-populated\">\n\t\t\t\t\t\t<div class=\"elementor-element elementor-element-26c432f elementor-widget elementor-widget-text-editor\" data-id=\"26c432f\" data-element_type=\"widget\" data-e-type=\"widget\" data-widget_type=\"text-editor.default\">\n\t\t\t\t<div class=\"elementor-widget-container\">\n\t\t\t\t\t\t\t\t\t<h3><strong>What is the Importance of Container Transportation?<\/strong><\/h3><p>Before giving information about container transportation, it is useful to emphasize once again the importance of this transportation. As door-to-door transportation becomes more important day by day, container transportation is frequently preferred for the practical, safe and fast transportation of any cargo from its origin to its destination. Container transportation is frequently preferred because it provides both safe and time-saving handling processes and allows transportation of different product groups. It allows you to take your place in global trade, regardless of the quantity of products, with the advantage of full container and partial transportation in the field of international container transportation.\u00a0<\/p><p>Container transportation, which is especially important for maritime transportation<strong>\u00a0<\/strong>Container used in operations, when expressed as dictionary meaning\u00a0<em>Large transport vehicle offered in accordance with international standards to carry various goods<\/em>\u00a0can be defined as . Containers are divided into classes according to the material they are produced from, their purpose of use and area. The international standards in question here were determined by the International Organization for Standardization, also known as ISO. Adhering to these standards, millions of loads are transported by a container transport vehicle every day.\u00a0<\/p><h3><strong>What are the Advantages of Container Transportation?<\/strong><\/h3><p>The transportation modes to be preferred and the vehicles to be used for international trade activities are selected by taking into account many variables, especially product features. At this point, container transportation also has many advantages. Advantages of container transportation<strong>\u00a0<\/strong>The most striking element is that it offers full container (FCL) or partial transportation (LCL container transportation) options, thus providing the opportunity for companies with cargo that will not fill the container to take part in foreign trade. Container transportation also offers safe, fast and economical transportation. Thanks to the containers used, it has the ability to carry more load at a time. Container transportation continues to be the center of attention day by day thanks to these distinctive features. Another advantage of container transportation is that it enables trade between countries by providing integrated services by sea, road and railway.<\/p><h3><strong>What are Container Transport Capacities?<\/strong><\/h3><p>Containers are produced according to international standards. Companies engaged in container transportation, of which Globelink \u00dcnimar is among the pioneers, carry out their logistics processes with containers made in accordance with these standards. According to these standards, the most commonly used container sizes are 20&#039; and 40&#039; containers. Container dimensions are also used to determine container carrying capacities.<\/p><p>Container types stand out as high cube, open top container, open side container, reefer container, tank container, flat rack container, half height offshore container. It is possible to load and unload ships, trains and road vehicles very efficiently by using 20&#039; and 40&#039; containers, known as standard shipping containers. Products can be loaded and unloaded much more safely and quickly with the help of containers at loading and unloading points. When a good is to be transported by container, the container must be selected by looking at the characteristics of the product to be transferred.<\/p>\t\t\t\t\t\t\t\t<\/div>\n\t\t\t\t<\/div>\n\t\t\t\t\t<\/div>\n\t\t<\/div>\n\t\t\t\t\t<\/div>\n\t\t<\/section>\n\t\t\t\t<section class=\"elementor-section elementor-top-section elementor-element elementor-element-1e7f4d5 elementor-section-boxed elementor-section-height-default elementor-section-height-default\" data-id=\"1e7f4d5\" data-element_type=\"section\" data-e-type=\"section\" data-settings=\"{&quot;background_background&quot;:&quot;classic&quot;}\">\n\t\t\t\t\t\t\t<div class=\"elementor-background-overlay\"><\/div>\n\t\t\t\t\t\t\t<div class=\"elementor-container elementor-column-gap-default\">\n\t\t\t\t\t<div class=\"elementor-column elementor-col-25 elementor-top-column elementor-element elementor-element-fc005ce\" data-id=\"fc005ce\" data-element_type=\"column\" data-e-type=\"column\">\n\t\t\t<div class=\"elementor-widget-wrap elementor-element-populated\">\n\t\t\t\t\t\t<div class=\"elementor-element elementor-element-62d8b30 elementor-widget elementor-widget-counter\" data-id=\"62d8b30\" data-element_type=\"widget\" data-e-type=\"widget\" data-widget_type=\"counter.default\">\n\t\t\t\t<div class=\"elementor-widget-container\">\n\t\t\t\t\t\t\t<div class=\"elementor-counter\">\n\t\t\t<div class=\"elementor-counter-title\">YEARS OF EXPERIENCE<\/div>\t\t\t<div class=\"elementor-counter-number-wrapper\">\n\t\t\t\t<span class=\"elementor-counter-number-prefix\"><\/span>\n\t\t\t\t<span class=\"elementor-counter-number\" data-duration=\"2000\" data-to-value=\"20\" data-from-value=\"0\" data-delimiter=\",\">0<\/span>\n\t\t\t\t<span class=\"elementor-counter-number-suffix\"><\/span>\n\t\t\t<\/div>\n\t\t<\/div>\n\t\t\t\t\t\t<\/div>\n\t\t\t\t<\/div>\n\t\t\t\t\t<\/div>\n\t\t<\/div>\n\t\t\t\t<div class=\"elementor-column elementor-col-25 elementor-top-column elementor-element elementor-element-9485ca1\" data-id=\"9485ca1\" data-element_type=\"column\" data-e-type=\"column\">\n\t\t\t<div class=\"elementor-widget-wrap elementor-element-populated\">\n\t\t\t\t\t\t<div class=\"elementor-element elementor-element-086045f elementor-widget elementor-widget-counter\" data-id=\"086045f\" data-element_type=\"widget\" data-e-type=\"widget\" data-widget_type=\"counter.default\">\n\t\t\t\t<div class=\"elementor-widget-container\">\n\t\t\t\t\t\t\t<div class=\"elementor-counter\">\n\t\t\t<div class=\"elementor-counter-title\">HAPPY CUSTOMER<\/div>\t\t\t<div class=\"elementor-counter-number-wrapper\">\n\t\t\t\t<span class=\"elementor-counter-number-prefix\"><\/span>\n\t\t\t\t<span class=\"elementor-counter-number\" data-duration=\"2000\" data-to-value=\"500\" data-from-value=\"0\" data-delimiter=\",\">0<\/span>\n\t\t\t\t<span class=\"elementor-counter-number-suffix\">+<\/span>\n\t\t\t<\/div>\n\t\t<\/div>\n\t\t\t\t\t\t<\/div>\n\t\t\t\t<\/div>\n\t\t\t\t\t<\/div>\n\t\t<\/div>\n\t\t\t\t<div class=\"elementor-column elementor-col-25 elementor-top-column elementor-element elementor-element-b9aac24\" data-id=\"b9aac24\" data-element_type=\"column\" data-e-type=\"column\">\n\t\t\t<div class=\"elementor-widget-wrap elementor-element-populated\">\n\t\t\t\t\t\t<div class=\"elementor-element elementor-element-8fe79c7 elementor-widget elementor-widget-counter\" data-id=\"8fe79c7\" data-element_type=\"widget\" data-e-type=\"widget\" data-widget_type=\"counter.default\">\n\t\t\t\t<div class=\"elementor-widget-container\">\n\t\t\t\t\t\t\t<div class=\"elementor-counter\">\n\t\t\t<div class=\"elementor-counter-title\">WE ARE IN THE PROVINCE<\/div>\t\t\t<div class=\"elementor-counter-number-wrapper\">\n\t\t\t\t<span class=\"elementor-counter-number-prefix\"><\/span>\n\t\t\t\t<span class=\"elementor-counter-number\" data-duration=\"2000\" data-to-value=\"81\" data-from-value=\"0\" data-delimiter=\",\">0<\/span>\n\t\t\t\t<span class=\"elementor-counter-number-suffix\"><\/span>\n\t\t\t<\/div>\n\t\t<\/div>\n\t\t\t\t\t\t<\/div>\n\t\t\t\t<\/div>\n\t\t\t\t\t<\/div>\n\t\t<\/div>\n\t\t\t\t<div class=\"elementor-column elementor-col-25 elementor-top-column elementor-element elementor-element-72363a8\" data-id=\"72363a8\" data-element_type=\"column\" data-e-type=\"column\">\n\t\t\t<div class=\"elementor-widget-wrap elementor-element-populated\">\n\t\t\t\t\t\t<div class=\"elementor-element elementor-element-11efa3d elementor-widget elementor-widget-counter\" data-id=\"11efa3d\" data-element_type=\"widget\" data-e-type=\"widget\" data-widget_type=\"counter.default\">\n\t\t\t\t<div class=\"elementor-widget-container\">\n\t\t\t\t\t\t\t<div class=\"elementor-counter\">\n\t\t\t<div class=\"elementor-counter-title\">TRANSPORT TO COUNTRY<\/div>\t\t\t<div class=\"elementor-counter-number-wrapper\">\n\t\t\t\t<span class=\"elementor-counter-number-prefix\"><\/span>\n\t\t\t\t<span class=\"elementor-counter-number\" data-duration=\"2000\" data-to-value=\"30\" data-from-value=\"0\" data-delimiter=\",\">0<\/span>\n\t\t\t\t<span class=\"elementor-counter-number-suffix\">+<\/span>\n\t\t\t<\/div>\n\t\t<\/div>\n\t\t\t\t\t\t<\/div>\n\t\t\t\t<\/div>\n\t\t\t\t\t<\/div>\n\t\t<\/div>\n\t\t\t\t\t<\/div>\n\t\t<\/section>\n\t\t\t\t<section class=\"elementor-section elementor-top-section elementor-element elementor-element-8332662 elementor-section-boxed elementor-section-height-default elementor-section-height-default\" data-id=\"8332662\" data-element_type=\"section\" data-e-type=\"section\" data-settings=\"{&quot;background_background&quot;:&quot;classic&quot;}\">\n\t\t\t\t\t\t<div class=\"elementor-container elementor-column-gap-default\">\n\t\t\t\t\t<div class=\"elementor-column elementor-col-50 elementor-top-column elementor-element elementor-element-33ece35\" data-id=\"33ece35\" data-element_type=\"column\" data-e-type=\"column\">\n\t\t\t<div class=\"elementor-widget-wrap elementor-element-populated\">\n\t\t\t\t\t\t<div class=\"elementor-element elementor-element-e9f288b elementor-widget elementor-widget-text-editor\" data-id=\"e9f288b\" data-element_type=\"widget\" data-e-type=\"widget\" data-widget_type=\"text-editor.default\">\n\t\t\t\t<div class=\"elementor-widget-container\">\n\t\t\t\t\t\t\t\t\t<p>AHMET GARIP | International transportation.<\/p>\t\t\t\t\t\t\t\t<\/div>\n\t\t\t\t<\/div>\n\t\t\t\t<div class=\"elementor-element elementor-element-395a13c elementor-widget elementor-widget-heading\" data-id=\"395a13c\" data-element_type=\"widget\" data-e-type=\"widget\" data-widget_type=\"heading.default\">\n\t\t\t\t<div class=\"elementor-widget-container\">\n\t\t\t\t\t<h2 class=\"elementor-heading-title elementor-size-default\">Frequently Asked Questions<\/h2>\t\t\t\t<\/div>\n\t\t\t\t<\/div>\n\t\t\t\t\t<\/div>\n\t\t<\/div>\n\t\t\t\t<div class=\"elementor-column elementor-col-50 elementor-top-column elementor-element elementor-element-8ad06c9\" data-id=\"8ad06c9\" data-element_type=\"column\" data-e-type=\"column\" data-settings=\"{&quot;background_background&quot;:&quot;classic&quot;}\">\n\t\t\t<div class=\"elementor-widget-wrap elementor-element-populated\">\n\t\t\t\t\t\t<div class=\"elementor-element elementor-element-a701c7b elementor-widget elementor-widget-toggle\" data-id=\"a701c7b\" data-element_type=\"widget\" data-e-type=\"widget\" data-widget_type=\"toggle.default\">\n\t\t\t\t<div class=\"elementor-widget-container\">\n\t\t\t\t\t\t\t<div class=\"elementor-toggle\">\n\t\t\t\t\t\t\t<div class=\"elementor-toggle-item\">\n\t\t\t\t\t<div id=\"elementor-tab-title-1751\" class=\"elementor-tab-title\" data-tab=\"1\" role=\"button\" aria-controls=\"elementor-tab-content-1751\" aria-expanded=\"false\">\n\t\t\t\t\t\t\t\t\t\t\t\t<span class=\"elementor-toggle-icon elementor-toggle-icon-left\" aria-hidden=\"true\">\n\t\t\t\t\t\t\t\t\t\t\t\t\t\t\t<span class=\"elementor-toggle-icon-closed\"><i class=\"fas fa-caret-right\"><\/i><\/span>\n\t\t\t\t\t\t\t\t<span class=\"elementor-toggle-icon-opened\"><i class=\"elementor-toggle-icon-opened fas fa-caret-up\"><\/i><\/span>\n\t\t\t\t\t\t\t\t\t\t\t\t\t<\/span>\n\t\t\t\t\t\t\t\t\t\t\t\t<a class=\"elementor-toggle-title\" tabindex=\"0\">How is the Weight of a Shipment Determined?<\/a>\n\t\t\t\t\t<\/div>\n\n\t\t\t\t\t<div id=\"elementor-tab-content-1751\" class=\"elementor-tab-content elementor-clearfix\" data-tab=\"1\" role=\"region\" aria-labelledby=\"elementor-tab-title-1751\"><p>The factor that determines the cost of your shipment abroad is the place on the plane, rather than the actual weight of the package you send. For this reason, the volumetric weight of your shipment should be calculated in addition to its weight. By comparing the actual weight of your shipment with the Volumetric Weight, the higher value will be used for pricing. When entering the information about your shipment, you must enter the width, height and height of your package in cm along with the weight of your package.<\/p><\/div>\n\t\t\t\t<\/div>\n\t\t\t\t\t\t\t<div class=\"elementor-toggle-item\">\n\t\t\t\t\t<div id=\"elementor-tab-title-1752\" class=\"elementor-tab-title\" data-tab=\"2\" role=\"button\" aria-controls=\"elementor-tab-content-1752\" aria-expanded=\"false\">\n\t\t\t\t\t\t\t\t\t\t\t\t<span class=\"elementor-toggle-icon elementor-toggle-icon-left\" aria-hidden=\"true\">\n\t\t\t\t\t\t\t\t\t\t\t\t\t\t\t<span class=\"elementor-toggle-icon-closed\"><i class=\"fas fa-caret-right\"><\/i><\/span>\n\t\t\t\t\t\t\t\t<span class=\"elementor-toggle-icon-opened\"><i class=\"elementor-toggle-icon-opened fas fa-caret-up\"><\/i><\/span>\n\t\t\t\t\t\t\t\t\t\t\t\t\t<\/span>\n\t\t\t\t\t\t\t\t\t\t\t\t<a class=\"elementor-toggle-title\" tabindex=\"0\">What Documents Should I Prepare Before I Ship?<\/a>\n\t\t\t\t\t<\/div>\n\n\t\t\t\t\t<div id=\"elementor-tab-content-1752\" class=\"elementor-tab-content elementor-clearfix\" data-tab=\"2\" role=\"region\" aria-labelledby=\"elementor-tab-title-1752\"><p><strong>You Will Send Abroad<\/strong>\u00a0First of all, for Non-Documentary Cargoes\u00a0<strong>Proforma invoice<\/strong>\u00a0you need to prepare. In short, the Proforma Invoice is a declaration containing the sender and receiver information, in which all the products and prices in the parcel are written. This document will be reviewed by the customs officials of the country you are sending to and will be used to calculate customs duty. If the Proforma Invoice is declared incompletely, there may be a problem at the customs of the receiving country.<\/p><\/div>\n\t\t\t\t<\/div>\n\t\t\t\t\t\t\t<div class=\"elementor-toggle-item\">\n\t\t\t\t\t<div id=\"elementor-tab-title-1753\" class=\"elementor-tab-title\" data-tab=\"3\" role=\"button\" aria-controls=\"elementor-tab-content-1753\" aria-expanded=\"false\">\n\t\t\t\t\t\t\t\t\t\t\t\t<span class=\"elementor-toggle-icon elementor-toggle-icon-left\" aria-hidden=\"true\">\n\t\t\t\t\t\t\t\t\t\t\t\t\t\t\t<span class=\"elementor-toggle-icon-closed\"><i class=\"fas fa-caret-right\"><\/i><\/span>\n\t\t\t\t\t\t\t\t<span class=\"elementor-toggle-icon-opened\"><i class=\"elementor-toggle-icon-opened fas fa-caret-up\"><\/i><\/span>\n\t\t\t\t\t\t\t\t\t\t\t\t\t<\/span>\n\t\t\t\t\t\t\t\t\t\t\t\t<a class=\"elementor-toggle-title\" tabindex=\"0\">Do You Have Discounts For Your Customers Who Ship Too Much?<\/a>\n\t\t\t\t\t<\/div>\n\n\t\t\t\t\t<div id=\"elementor-tab-content-1753\" class=\"elementor-tab-content elementor-clearfix\" data-tab=\"3\" role=\"region\" aria-labelledby=\"elementor-tab-title-1753\"><p>You can send to more than 150 countries with our discounted prices by making a contract for corporate companies that send 4 or more shipments per month. You can send your requests on this subject to our Customer Services and have our Customer Representatives return to you.<\/p><\/div>\n\t\t\t\t<\/div>\n\t\t\t\t\t\t\t<div class=\"elementor-toggle-item\">\n\t\t\t\t\t<div id=\"elementor-tab-title-1754\" class=\"elementor-tab-title\" data-tab=\"4\" role=\"button\" aria-controls=\"elementor-tab-content-1754\" aria-expanded=\"false\">\n\t\t\t\t\t\t\t\t\t\t\t\t<span class=\"elementor-toggle-icon elementor-toggle-icon-left\" aria-hidden=\"true\">\n\t\t\t\t\t\t\t\t\t\t\t\t\t\t\t<span class=\"elementor-toggle-icon-closed\"><i class=\"fas fa-caret-right\"><\/i><\/span>\n\t\t\t\t\t\t\t\t<span class=\"elementor-toggle-icon-opened\"><i class=\"elementor-toggle-icon-opened fas fa-caret-up\"><\/i><\/span>\n\t\t\t\t\t\t\t\t\t\t\t\t\t<\/span>\n\t\t\t\t\t\t\t\t\t\t\t\t<a class=\"elementor-toggle-title\" tabindex=\"0\">What Advantages Do You Provide to Your Corporate Customers?<\/a>\n\t\t\t\t\t<\/div>\n\n\t\t\t\t\t<div id=\"elementor-tab-content-1754\" class=\"elementor-tab-content elementor-clearfix\" data-tab=\"4\" role=\"region\" aria-labelledby=\"elementor-tab-title-1754\"><p>Apart from the services we provide to our individual customers, we are able to provide many advantages such as direct door-to-door service from our contracted companies, apart from the price advantage for our Corporate Customers. You can contact our Customer Service for details.<\/p><\/div>\n\t\t\t\t<\/div>\n\t\t\t\t\t\t\t\t<\/div>\n\t\t\t\t\t\t<\/div>\n\t\t\t\t<\/div>\n\t\t\t\t\t<\/div>\n\t\t<\/div>\n\t\t\t\t\t<\/div>\n\t\t<\/section>\n\t\t\t\t<\/div>","protected":false},"excerpt":{"rendered":"<p>Konteyner Ta\u015f\u0131mac\u0131l\u0131\u011f\u0131 AHMET GAR\u0130P | Uluslararas\u0131 Ta\u015f\u0131mac\u0131l\u0131k. Konteyner Ta\u015f\u0131mac\u0131l\u0131\u011f\u0131 Tercihi, Konteyner ta\u015f\u0131mac\u0131l\u0131\u011f\u0131, \u00f6zellikle uluslararas\u0131 ta\u015f\u0131mac\u0131l\u0131k hizmetinde tercih edilen bir ta\u015f\u0131mac\u0131l\u0131k t\u00fcr\u00fcd\u00fcr. D\u00fcnya \u00fczerinde y\u00fcklerin \u00e7e\u015fitlenmesi ve ta\u015f\u0131mac\u0131l\u0131k taleplerinin gitgide artmas\u0131 sebebiyle konteyner ta\u015f\u0131mac\u0131l\u0131\u011f\u0131na da ilgi ayn\u0131 oranda artmaktad\u0131r. Konteyner ta\u015f\u0131mac\u0131l\u0131\u011f\u0131 ile y\u00fck ta\u015f\u0131nmas\u0131, \u00e7ok eskilerden beri yap\u0131lmaktad\u0131r. \u0130lk olarak 1795 y\u0131l\u0131nda \u0130ngiltere\u2019de kullan\u0131ld\u0131\u011f\u0131 bilinmektedir. O [&hellip;]<\/p>\n","protected":false},"author":1,"featured_media":0,"parent":0,"menu_order":0,"comment_status":"closed","ping_status":"closed","template":"elementor_header_footer","meta":{"footnotes":""},"class_list":["post-3154","page","type-page","status-publish","hentry"],"_links":{"self":[{"href":"https:\/\/ahmetgarip.com.tr\/en\/wp-json\/wp\/v2\/pages\/3154","targetHints":{"allow":["GET"]}}],"collection":[{"href":"https:\/\/ahmetgarip.com.tr\/en\/wp-json\/wp\/v2\/pages"}],"about":[{"href":"https:\/\/ahmetgarip.com.tr\/en\/wp-json\/wp\/v2\/types\/page"}],"author":[{"embeddable":true,"href":"https:\/\/ahmetgarip.com.tr\/en\/wp-json\/wp\/v2\/users\/1"}],"replies":[{"embeddable":true,"href":"https:\/\/ahmetgarip.com.tr\/en\/wp-json\/wp\/v2\/comments?post=3154"}],"version-history":[{"count":13,"href":"https:\/\/ahmetgarip.com.tr\/en\/wp-json\/wp\/v2\/pages\/3154\/revisions"}],"predecessor-version":[{"id":3169,"href":"https:\/\/ahmetgarip.com.tr\/en\/wp-json\/wp\/v2\/pages\/3154\/revisions\/3169"}],"wp:attachment":[{"href":"https:\/\/ahmetgarip.com.tr\/en\/wp-json\/wp\/v2\/media?parent=3154"}],"curies":[{"name":"wp","href":"https:\/\/api.w.org\/{rel}","templated":true}]}}