{"id":3177,"date":"2022-10-24T10:07:05","date_gmt":"2022-10-24T07:07:05","guid":{"rendered":"https:\/\/ahmetgarip.com.tr\/?page_id=3177"},"modified":"2022-11-02T12:42:24","modified_gmt":"2022-11-02T09:42:24","slug":"kvkk","status":"publish","type":"page","link":"https:\/\/ahmetgarip.com.tr\/en\/kvkk\/","title":{"rendered":"KVKK"},"content":{"rendered":"<div data-elementor-type=\"wp-page\" data-elementor-id=\"3177\" class=\"elementor elementor-3177\">\n\t\t\t\t\t\t<section class=\"elementor-section elementor-top-section elementor-element elementor-element-7464770d elementor-section-boxed elementor-section-height-default elementor-section-height-default\" data-id=\"7464770d\" data-element_type=\"section\" data-e-type=\"section\" data-settings=\"{&quot;background_background&quot;:&quot;classic&quot;}\">\n\t\t\t\t\t\t\t<div class=\"elementor-background-overlay\"><\/div>\n\t\t\t\t\t\t\t<div class=\"elementor-container elementor-column-gap-default\">\n\t\t\t\t\t<div class=\"elementor-column elementor-col-100 elementor-top-column elementor-element elementor-element-503c09bf\" data-id=\"503c09bf\" data-element_type=\"column\" data-e-type=\"column\">\n\t\t\t<div class=\"elementor-widget-wrap elementor-element-populated\">\n\t\t\t\t\t\t<div class=\"elementor-element elementor-element-7f57f1c9 elementor-widget elementor-widget-heading\" data-id=\"7f57f1c9\" data-element_type=\"widget\" data-e-type=\"widget\" data-widget_type=\"heading.default\">\n\t\t\t\t<div class=\"elementor-widget-container\">\n\t\t\t\t\t<div class=\"elementor-heading-title elementor-size-default\">KVKK<\/div>\t\t\t\t<\/div>\n\t\t\t\t<\/div>\n\t\t\t\t\t<\/div>\n\t\t<\/div>\n\t\t\t\t\t<\/div>\n\t\t<\/section>\n\t\t\t\t<section class=\"elementor-section elementor-top-section elementor-element elementor-element-3b542f25 elementor-section-boxed elementor-section-height-default elementor-section-height-default\" data-id=\"3b542f25\" data-element_type=\"section\" data-e-type=\"section\" data-settings=\"{&quot;background_background&quot;:&quot;classic&quot;}\">\n\t\t\t\t\t\t<div class=\"elementor-container elementor-column-gap-default\">\n\t\t\t\t\t<div class=\"elementor-column elementor-col-50 elementor-top-column elementor-element elementor-element-5ce197a0\" data-id=\"5ce197a0\" data-element_type=\"column\" data-e-type=\"column\">\n\t\t\t<div class=\"elementor-widget-wrap elementor-element-populated\">\n\t\t\t\t\t\t<div class=\"elementor-element elementor-element-130fd0a1 elementor-widget elementor-widget-text-editor\" data-id=\"130fd0a1\" data-element_type=\"widget\" data-e-type=\"widget\" data-widget_type=\"text-editor.default\">\n\t\t\t\t<div class=\"elementor-widget-container\">\n\t\t\t\t\t\t\t\t\t<p>AHMET GARIP | International transportation.<\/p>\t\t\t\t\t\t\t\t<\/div>\n\t\t\t\t<\/div>\n\t\t\t\t<div class=\"elementor-element elementor-element-3657c3b0 elementor-widget elementor-widget-heading\" data-id=\"3657c3b0\" data-element_type=\"widget\" data-e-type=\"widget\" data-widget_type=\"heading.default\">\n\t\t\t\t<div class=\"elementor-widget-container\">\n\t\t\t\t\t<h2 class=\"elementor-heading-title elementor-size-default\">Personal Data Protection Law<\/h2>\t\t\t\t<\/div>\n\t\t\t\t<\/div>\n\t\t\t\t<div class=\"elementor-element elementor-element-381cd52c elementor-widget elementor-widget-text-editor\" data-id=\"381cd52c\" data-element_type=\"widget\" data-e-type=\"widget\" data-widget_type=\"text-editor.default\">\n\t\t\t\t<div class=\"elementor-widget-container\">\n\t\t\t\t\t\t\t\t\t<p>Personal data protection law (KVKK) text <strong>AHMET GARIP International Transport<\/strong> aspect\u00a0 <u>https:\/\/www.ahmetgarip.com.tr\/<\/u>\u00a0We respect the personal data of everyone who visits our website, contacts us through our website, and requests an offer from our transportation company. With this awareness of responsibility, it is necessary to ensure that all personal data of all real persons associated with our company, including those who benefit from our products and services as AHMET GAR\u0130P International Transportation, are processed and protected in accordance with the Personal Data Protection Law No. 6698 (\u201cKVK Law\u201d). We are taking the necessary precautions.<\/p><p>Being aware of this responsibility, we process your personal data as described below and within the limits set by the legislation, as &quot;Data Controller&quot; as defined in the KVK Law.<\/p>\t\t\t\t\t\t\t\t<\/div>\n\t\t\t\t<\/div>\n\t\t\t\t\t<\/div>\n\t\t<\/div>\n\t\t\t\t<div class=\"elementor-column elementor-col-50 elementor-top-column elementor-element elementor-element-424b80d9\" data-id=\"424b80d9\" data-element_type=\"column\" data-e-type=\"column\" data-settings=\"{&quot;background_background&quot;:&quot;classic&quot;}\">\n\t\t\t<div class=\"elementor-widget-wrap elementor-element-populated\">\n\t\t\t\t\t\t<div class=\"elementor-element elementor-element-2e401591 elementor-widget elementor-widget-image\" data-id=\"2e401591\" data-element_type=\"widget\" data-e-type=\"widget\" data-widget_type=\"image.default\">\n\t\t\t\t<div class=\"elementor-widget-container\">\n\t\t\t\t\t\t\t\t\t\t\t\t\t\t\t<img fetchpriority=\"high\" decoding=\"async\" width=\"640\" height=\"429\" src=\"https:\/\/ahmetgarip.com.tr\/wp-content\/uploads\/2022\/10\/KonteynerTasimaciligiFoto-1024x686.jpg\" class=\"attachment-large size-large wp-image-3166\" alt=\"\" srcset=\"https:\/\/ahmetgarip.com.tr\/wp-content\/uploads\/2022\/10\/KonteynerTasimaciligiFoto-1024x686.jpg 1024w, https:\/\/ahmetgarip.com.tr\/wp-content\/uploads\/2022\/10\/KonteynerTasimaciligiFoto-300x201.jpg 300w, https:\/\/ahmetgarip.com.tr\/wp-content\/uploads\/2022\/10\/KonteynerTasimaciligiFoto-768x514.jpg 768w, https:\/\/ahmetgarip.com.tr\/wp-content\/uploads\/2022\/10\/KonteynerTasimaciligiFoto.jpg 1344w\" sizes=\"(max-width: 640px) 100vw, 640px\" \/>\t\t\t\t\t\t\t\t\t\t\t\t\t\t\t<\/div>\n\t\t\t\t<\/div>\n\t\t\t\t\t<\/div>\n\t\t<\/div>\n\t\t\t\t\t<\/div>\n\t\t<\/section>\n\t\t\t\t<section class=\"elementor-section elementor-top-section elementor-element elementor-element-2456308 elementor-section-boxed elementor-section-height-default elementor-section-height-default\" data-id=\"2456308\" data-element_type=\"section\" data-e-type=\"section\" data-settings=\"{&quot;background_background&quot;:&quot;classic&quot;}\">\n\t\t\t\t\t\t\t<div class=\"elementor-background-overlay\"><\/div>\n\t\t\t\t\t\t\t<div class=\"elementor-container elementor-column-gap-default\">\n\t\t\t\t\t<div class=\"elementor-column elementor-col-100 elementor-top-column elementor-element elementor-element-35942d1\" data-id=\"35942d1\" data-element_type=\"column\" data-e-type=\"column\">\n\t\t\t<div class=\"elementor-widget-wrap elementor-element-populated\">\n\t\t\t\t\t\t<div class=\"elementor-element elementor-element-26c432f elementor-widget elementor-widget-text-editor\" data-id=\"26c432f\" data-element_type=\"widget\" data-e-type=\"widget\" data-widget_type=\"text-editor.default\">\n\t\t\t\t<div class=\"elementor-widget-container\">\n\t\t\t\t\t\t\t\t\t<p><strong>1.<\/strong> Types of Personal Data Processed<br>In this Privacy Notice, \u201cyour personal data\u201d means any data that identifies or identifies your identity or the identity of a third party.<\/p>\n<p>These typically include, but are not limited to, your name, first name, surname, address, e-mail address, telephone number, IP address and previous transactions you have made with AHMET GAR\u0130P International Transportation.<\/p>\n<p><strong>2.<\/strong> Collection, Processing and Processing Purposes of Personal Data<br>Your personal data may be collected verbally, in writing or electronically, by automatic or non-automatic methods, through the website, social media, mobile applications and similar means. Your personal data may be processed as long as you benefit from the products and services offered by AHMET GAR\u0130P International Transportation.<\/p>\n<p>In addition, when you use our call centers or our website to use AHMET GAR\u0130P International Transportation services, your personal data collected will be processed for the following reasons, in accordance with Articles 5 and 6 of the KVK Law.<br>i) Establishment and execution of the contract,<br>ii) Fulfillment of a legal obligation to which AHMET GAR\u0130P International Transportation is subject,<br>iii) Establishment, use or protection of the right and<br>iv) Legitimate interest of AHMET GAR\u0130P International Transportation, provided that it does not harm your fundamental rights and freedoms.<br>v) It will be processed within the limits of its purposes arising from the law;<br>Carrying out the necessary work by our business units to benefit you from the products and services offered by AHMET GAR\u0130P International Transportation,<\/p>\n<p>If you give your permission, it will be customized and recommended to you by AHMET GAR\u0130P International Transportation according to your tastes, usage habits and needs,<\/p>\n<p>Ensuring the legal and commercial security of people who have business relations with AHMET GAR\u0130P International Transportation,<\/p>\n<p>Administrative operations for communication carried out by AHMET GAR\u0130P International Transportation, ensuring the physical security and control of the locations of AHMET GAR\u0130P International Transportation,<\/p>\n<p>Carrying out AHMET GAR\u0130P International Transportation customer evaluation\/complaint management processes, reputation research processes, legal compliance process, audit etc. processes,<\/p>\n<p>Determination and implementation of AHMET GAR\u0130P International Transportation commercial and business strategies,<\/p>\n<p>Main examples of the purposes of use of the data in question can be listed more concretely as follows:<\/p>\n<p>When you become a member of AHMET GAR\u0130P International Transportation, we share your personal data, name, surname and mobile phone number with the transportation companies you want to contact, so that we can provide the service you request. We share the content of the message you sent to the transportation company you have agreed to move with and the addresses to which the goods will be moved via the address share feature with the company you contacted.<\/p>\n<p>If specifically requested, e-bulletin, marketing information, etc. We may send newsletters,<\/p>\n<p>We may use your personal data anonymously for market research, planning and statistical analysis,<\/p>\n<p>We may process your personal data to ensure the security of users and our website.<\/p>\n<p><strong>3.<\/strong> To whom and for what purpose the processed personal data can be transferred<br>Your personal data will not be shared with third parties except as stated in this Privacy Statement, except as stipulated in the legislation.<\/p>\n<p>Your personal data,<br>AHMET GAR\u0130P International Transportation, the transportation company that bids for the services offered, and the IT service providers that provide support services for AHMET GAR\u0130P International Transportation, service providers that host or operate our sites, analyze data, service providers that help deliver products and services to you. , service providers that provide customer services, manage payments, etc. - third parties, and legally authorized public institutions within the framework of the personal data processing conditions and purposes specified in Articles 8 and 9 of the KVK Law.<\/p>\n<p>Relevant third parties have access to the relevant personal data necessary to provide the service in question. In this case, these third parties will use your information only to provide services on behalf of AHMET GAR\u0130P International Transportation, and will be under the obligation to keep this information confidential and not to use it for any other purpose within the framework of their contractual obligations.<\/p>\n<p><strong>4.<\/strong> Method and Legal Reason for Collecting Personal Data<br>Your personal data may be processed in all kinds of verbal, written or electronic media, by automatic or non-automatic means, in line with the reasons given above, in order to provide the products and services offered by AHMET GAR\u0130P International Transportation within the determined legal framework and, in this context, to ensure that AHMET GAR\u0130P International Transportation fulfills its obligations arising from the contract and the law. and obtained so that it can be performed correctly.<\/p>\n<p>Your personal data collected for this legal reason may be processed and transferred for the reasons specified in articles (2) and (3) of this text, within the scope of the personal data processing conditions and purposes specified in articles 5 and 6 of the KVK Law.<\/p>\n<p><strong>5.<\/strong> Rights of the Personal Data Owner Listed in Article 11 of the Personal Data Protection Law<br>As personal data owners, if you submit your requests regarding your rights to AHMET GAR\u0130P International Transportation through the methods set out below in this Privacy Notice, AHMET GAR\u0130P International Transportation will finalize your request within thirty days at the latest, depending on the nature of the request.<\/p>\n<p>We reserve the right to reject requests that are unreasonably repetitive, require disproportionate technical effort, jeopardize the privacy of others or are otherwise unduly burdensome, and we reserve the right to charge you for your right to information.<\/p>\n<p>In this context, personal data owners;<br>Learning whether personal data is processed or not,<br>Requesting information if personal data has been processed,<br>Learning the purpose of processing personal data and whether they are used for their intended purpose,<br>Knowing the third parties to whom personal data is transferred at home or abroad,<br>Requesting correction of personal data in case personal data has been processed incompletely or incorrectly and requesting that the action taken in this context be notified to third parties to whom personal data has been transferred,<br>Requesting the deletion or destruction of personal data in case the reasons requiring processing no longer exist, even though it has been processed in accordance with the provisions of the KVK Law and other relevant laws, and requesting that the action taken in this context be notified to third parties to whom personal data has been transferred,<br>Objecting to the emergence of a result that is unfavorable to the individual by analyzing the processed data exclusively through automatic systems,<br>In case of damage due to unlawful processing of personal data, they have the right to request compensation for the damage.<br>On the other hand, you can always update your personal data from your membership account specifically defined for you.<\/p>\n<p><strong>6.<\/strong> Personal Data Owner&#039;s Right of Application<br>In accordance with the 1st paragraph of Article 13 of the KVK Law, you can submit your request, which includes the necessary information to identify you in order to exercise your rights stated above, and your explanations regarding your right to exercise the rights specified in Article 11 of the KVK Law, via the e-mail address info@ahmetgarip.com. You can send it to us in writing at the address below or via other methods determined by the Personal Data Protection Board.<\/p>\n<p><strong>AHMET GARIP International Transport<\/strong><br>Address: Minareli\u00e7avu\u015f Mah. Mete (290) St. No:39\/1 16140 Nil\u00fcfer \u2013 Bursa\/T\u00fcrkiye<\/p>\n<p><strong>AHMET GARIP International Transport<\/strong> As, we undertake to update this Information Text if any changes are published in the Personal Data Protection Law No. 6698.<\/p>\t\t\t\t\t\t\t\t<\/div>\n\t\t\t\t<\/div>\n\t\t\t\t\t<\/div>\n\t\t<\/div>\n\t\t\t\t\t<\/div>\n\t\t<\/section>\n\t\t\t\t<\/div>","protected":false},"excerpt":{"rendered":"<p>KVKK AHMET GAR\u0130P | Uluslararas\u0131 Ta\u015f\u0131mac\u0131l\u0131k. Ki\u015fisel Veri Koruma Kanunu Ki\u015fisel verilerin korunmas\u0131 kanunu (KVKK) metni AHMET GAR\u0130P Uluslararas\u0131 Ta\u015f\u0131mac\u0131l\u0131k olarak\u00a0 https:\/\/www.ahmetgarip.com.tr\/\u00a0web sayfam\u0131z\u0131 ziyaret eden, sitemiz \u00fczerinden irtibat kuran, nakliyat firmam\u0131zdan teklif almak i\u00e7in talep olu\u015fturan herkesin ki\u015fisel verilerine sayg\u0131 g\u00f6stermekteyiz. Bu sorumluluk bilinci ile, AHMET GAR\u0130P Uluslararas\u0131 Ta\u015f\u0131mac\u0131l\u0131k olarak \u00fcr\u00fcn ve hizmetlerimizden yararlanan ki\u015filer [&hellip;]<\/p>\n","protected":false},"author":1,"featured_media":0,"parent":0,"menu_order":0,"comment_status":"closed","ping_status":"closed","template":"elementor_header_footer","meta":{"footnotes":""},"class_list":["post-3177","page","type-page","status-publish","hentry"],"_links":{"self":[{"href":"https:\/\/ahmetgarip.com.tr\/en\/wp-json\/wp\/v2\/pages\/3177","targetHints":{"allow":["GET"]}}],"collection":[{"href":"https:\/\/ahmetgarip.com.tr\/en\/wp-json\/wp\/v2\/pages"}],"about":[{"href":"https:\/\/ahmetgarip.com.tr\/en\/wp-json\/wp\/v2\/types\/page"}],"author":[{"embeddable":true,"href":"https:\/\/ahmetgarip.com.tr\/en\/wp-json\/wp\/v2\/users\/1"}],"replies":[{"embeddable":true,"href":"https:\/\/ahmetgarip.com.tr\/en\/wp-json\/wp\/v2\/comments?post=3177"}],"version-history":[{"count":11,"href":"https:\/\/ahmetgarip.com.tr\/en\/wp-json\/wp\/v2\/pages\/3177\/revisions"}],"predecessor-version":[{"id":3271,"href":"https:\/\/ahmetgarip.com.tr\/en\/wp-json\/wp\/v2\/pages\/3177\/revisions\/3271"}],"wp:attachment":[{"href":"https:\/\/ahmetgarip.com.tr\/en\/wp-json\/wp\/v2\/media?parent=3177"}],"curies":[{"name":"wp","href":"https:\/\/api.w.org\/{rel}","templated":true}]}}